{"id":11166,"date":"2023-01-27T12:58:46","date_gmt":"2023-01-27T12:58:46","guid":{"rendered":"https:\/\/naturcleaning.hu\/?post_type=product&#038;p=11166"},"modified":"2024-12-19T22:35:09","modified_gmt":"2024-12-19T22:35:09","slug":"naturcleaning-sport-hammock-silk","status":"publish","type":"product","link":"https:\/\/naturcleaning.hu\/en\/product\/naturcleaning-sport-hammock-silk\/","title":{"rendered":"Naturcleaning Sport Hammock &amp; Silk mos\u00f3g\u00e9l 1 liter"},"content":{"rendered":"<p>Naturcleaning mos\u00f3g\u00e9l Hammock, Silk \u00e9s sport ruh\u00e1zat tiszt\u00edt\u00e1s\u00e1hoz a FlowAerialDance L\u00e9gtorna &amp; Mozg\u00e1s st\u00fadi\u00f3 aj\u00e1nl\u00e1s\u00e1val.<\/p>\n<p><strong>Green Brand Award Winning Product<\/strong><\/p>\n<p>Speci\u00e1lis formul\u00e1ja v\u00e9di a text\u00edli\u00e1t, seg\u00edt meg\u0151rizni az anyag l\u00e9g\u00e1tereszt\u0151 k\u00e9pess\u00e9g\u00e9t \u00e9s nedvsz\u00edv\u00f3 funkci\u00f3j\u00e1t. A teafa olajnak k\u00f6sz\u00f6nhet\u0151en hat\u00e9konyan szabad\u00edtja meg a ruh\u00e1kat a kellemetlen szagokt\u00f3l. Veg\u00e1n-nem tartalmaz \u00e1llati eredet\u0171 anyagokat. Hipoallerg\u00e9n - olyan \u00f6sszetev\u0151ket tartalmaz, amelyek minimaliz\u00e1lj\u00e1k az allergi\u00e1s reakci\u00f3k kialakul\u00e1s\u00e1nak val\u00f3sz\u00edn\u0171s\u00e9g\u00e9t. G\u00e9pi \u00e9s k\u00e9zi mos\u00e1shoz is alkalmazhat\u00f3. A hammock \u00e9s a silk mos\u00e1sa 20\u00b0C-os kim\u00e9l\u0151 programon aj\u00e1nlott.<\/p>\n<p><strong>Features:<\/strong><br \/>\n- Kifejezetten Hammock, Silk \u00e9s funkcion\u00e1lis ruh\u00e1zat tiszt\u00edt\u00e1s\u00e1hoz kifejlesztve<br \/>\n-With teatree oil<br \/>\n-Effective against odors<br \/>\n-Cleans and cares for your clothes intensively<br \/>\n-Meg\u0151rzi a hammock \u00e9s silk anyagok \u00e9ps\u00e9g\u00e9t<br \/>\n-Environmentally conscious, skin-friendly detergent<br \/>\n-Of course very effective<br \/>\n-Plant ingredients<br \/>\n-Hypoallergenic<br \/>\n- Effective at 20 \u00b0 C<br \/>\n-Can be used for both machine and hand washing<br \/>\n-phosphate-free, chlorine-free, paraben-free, cruelty-free, palm oil-free, vegan<br \/>\n-Biodegradable<br \/>\n-Economical dosing<br \/>\n-Hungarian product<br \/>\n-Refillable bottle<\/p>\n<p>&nbsp;<\/p>\n<div class=\"wnd-align-justify\"><span class=\"wsw-02\">A FlowAerialDance Ny\u00edregyh\u00e1za els\u0151 L\u00e9gtorna&amp;Mozg\u00e1s st\u00fadi\u00f3ja.\u00a0<\/span><span class=\"wsw-02\">Egy hely, ahol a sportol\u00e1s \u00e9lm\u00e9ny \u00e9s \u00f6r\u00f6m.\u00a0Egy iskola, melynek c\u00e9lja egy holisztikus \u00e9s \u00e1tfog\u00f3 mozg\u00e1sm\u0171v\u00e9szet oktat\u00e1sa, annak minden \u00e9rzelmi, fizikai \u00e9s szellemi hozad\u00e9k\u00e1val, mely kih\u00edv\u00e1sokat tartogat \u00e9s garant\u00e1ltan pozit\u00edvan hat az ember mindennapi \u00e9let\u00e9re.<\/span><\/div>\n<div class=\"wnd-align-justify\">Amit a st\u00fadi\u00f3 \u00f3r\u00e1in megtapasztalhatsz az komoly fizikai er\u0151nl\u00e9ti \u00e9s kardi\u00f3 edz\u00e9s egyszerre, folyamatos kih\u00edv\u00e1s \u00e9s siker\u00e9lm\u00e9ny, t\u00e1nc, hajl\u00e9konys\u00e1g \u00e9s elegancia, kreat\u00edv mozdulatm\u0171v\u00e9szet, hat\u00e1raink feszeget\u00e9se \u00e9s \u00e1tl\u00e9p\u00e9se, folyamatos fejl\u0151d\u00e9si lehet\u0151s\u00e9g. Az Aerial Silk, Aerial Hammock, Aerial Fitness, a Gyerek L\u00e9gtorna, a Baba-mama Aerial J\u00f3ga oktat\u00e1sa mellett n\u00e1lunk r\u00e9szt vehetsz Funkcion\u00e1lis Ny\u00fajt\u00e1s \u00e9s Kort\u00e1rs Modern t\u00e1nc \u00f3r\u00e1kon is.<\/div>\n<p>https:\/\/www.flowaerialdance.hu\/<\/p>\n<p><img loading=\"lazy\" decoding=\"async\" class=\"alignnone size-medium wp-image-11169\" src=\"https:\/\/naturcleaning.hu\/wp-content\/uploads\/Copy-of-Colorful-Paint-Simple-Modern-Event-Club-Venue-Art-Poster-Made-with-PosterMyWall-8-178x300.jpg\" alt=\"\" width=\"178\" height=\"300\" srcset=\"https:\/\/naturcleaning.hu\/wp-content\/uploads\/Copy-of-Colorful-Paint-Simple-Modern-Event-Club-Venue-Art-Poster-Made-with-PosterMyWall-8-178x300.jpg 178w, https:\/\/naturcleaning.hu\/wp-content\/uploads\/Copy-of-Colorful-Paint-Simple-Modern-Event-Club-Venue-Art-Poster-Made-with-PosterMyWall-8-7x12.jpg 7w, https:\/\/naturcleaning.hu\/wp-content\/uploads\/Copy-of-Colorful-Paint-Simple-Modern-Event-Club-Venue-Art-Poster-Made-with-PosterMyWall-8.jpg 313w\" sizes=\"auto, (max-width: 178px) 100vw, 178px\" \/><\/p>","protected":false},"excerpt":{"rendered":"<p>Naturcleaning mos\u00f3g\u00e9l Hammock, Silk \u00e9s sport ruh\u00e1zat tiszt\u00edt\u00e1s\u00e1hoz a FlowAerialDance L\u00e9gtorna &amp; Mozg\u00e1s st\u00fadi\u00f3 aj\u00e1nl\u00e1s\u00e1val. Green Brand d\u00edjas term\u00e9k Speci\u00e1lis formul\u00e1ja v\u00e9di a text\u00edli\u00e1t, seg\u00edt meg\u0151rizni az anyag l\u00e9g\u00e1tereszt\u0151 k\u00e9pess\u00e9g\u00e9t \u00e9s nedvsz\u00edv\u00f3 funkci\u00f3j\u00e1t. A teafa olajnak k\u00f6sz\u00f6nhet\u0151en hat\u00e9konyan szabad\u00edtja meg a ruh\u00e1kat a kellemetlen szagokt\u00f3l. Veg\u00e1n-nem tartalmaz \u00e1llati eredet\u0171 anyagokat. Hipoallerg\u00e9n - olyan \u00f6sszetev\u0151ket tartalmaz, [&hellip;]<\/p>\n","protected":false},"featured_media":27810,"comment_status":"open","ping_status":"closed","template":"","meta":{"_acf_changed":false},"product_brand":[],"product_cat":[61,17],"product_tag":[687],"class_list":{"0":"post-11166","1":"product","2":"type-product","3":"status-publish","4":"has-post-thumbnail","6":"product_cat-a-sportok-szerelmeseinek-crossfit-funkcionalis-fitness-sport-silk-hammock-joga","7":"product_cat-mososzer","8":"product_tag-20-mosas","10":"first","11":"instock","12":"shipping-taxable","13":"purchasable","14":"product-type-simple"},"acf":[],"_links":{"self":[{"href":"https:\/\/naturcleaning.hu\/en\/wp-json\/wp\/v2\/product\/11166","targetHints":{"allow":["GET"]}}],"collection":[{"href":"https:\/\/naturcleaning.hu\/en\/wp-json\/wp\/v2\/product"}],"about":[{"href":"https:\/\/naturcleaning.hu\/en\/wp-json\/wp\/v2\/types\/product"}],"replies":[{"embeddable":true,"href":"https:\/\/naturcleaning.hu\/en\/wp-json\/wp\/v2\/comments?post=11166"}],"wp:featuredmedia":[{"embeddable":true,"href":"https:\/\/naturcleaning.hu\/en\/wp-json\/wp\/v2\/media\/27810"}],"wp:attachment":[{"href":"https:\/\/naturcleaning.hu\/en\/wp-json\/wp\/v2\/media?parent=11166"}],"wp:term":[{"taxonomy":"product_brand","embeddable":true,"href":"https:\/\/naturcleaning.hu\/en\/wp-json\/wp\/v2\/product_brand?post=11166"},{"taxonomy":"product_cat","embeddable":true,"href":"https:\/\/naturcleaning.hu\/en\/wp-json\/wp\/v2\/product_cat?post=11166"},{"taxonomy":"product_tag","embeddable":true,"href":"https:\/\/naturcleaning.hu\/en\/wp-json\/wp\/v2\/product_tag?post=11166"}],"curies":[{"name":"wp","href":"https:\/\/api.w.org\/{rel}","templated":true}]}}