{"id":107,"date":"2021-05-28T15:09:34","date_gmt":"2021-05-28T15:09:34","guid":{"rendered":"https:\/\/cudyfuture.nomaddigital.hu\/?post_type=product&#038;p=107"},"modified":"2022-07-15T18:27:33","modified_gmt":"2022-07-15T18:27:33","slug":"ajandekutalvany","status":"publish","type":"product","link":"https:\/\/naturcleaning.hu\/en\/product\/ajandekutalvany\/","title":{"rendered":"Gift voucher"},"content":{"rendered":"<p>Don't have a gift idea?<\/p>\n<p>Are you going to a baby waiting party or a baby visit?<\/p>\n<p>Would you like to surprise your mom with gift along the flower?<\/p>","protected":false},"excerpt":{"rendered":"<p>Nincs aj\u00e1nd\u00e9k \u00f6tleted? Babav\u00e1r\u00f3 buliba vagy baba l\u00e1togat\u00f3ba m\u00e9sz? A vir\u00e1g mell\u00e9 szeretn\u00e9l m\u00e9g valami meglepet\u00e9st anyuk\u00e1dnak?<\/p>","protected":false},"featured_media":108,"comment_status":"open","ping_status":"closed","template":"","meta":{"_acf_changed":false},"product_brand":[],"product_cat":[32],"product_tag":[],"class_list":{"0":"post-107","1":"product","2":"type-product","3":"status-publish","4":"has-post-thumbnail","6":"product_cat-ajandekotletek","8":"first","9":"instock","10":"shipping-taxable","11":"purchasable","12":"product-type-variable"},"acf":[],"_links":{"self":[{"href":"https:\/\/naturcleaning.hu\/en\/wp-json\/wp\/v2\/product\/107","targetHints":{"allow":["GET"]}}],"collection":[{"href":"https:\/\/naturcleaning.hu\/en\/wp-json\/wp\/v2\/product"}],"about":[{"href":"https:\/\/naturcleaning.hu\/en\/wp-json\/wp\/v2\/types\/product"}],"replies":[{"embeddable":true,"href":"https:\/\/naturcleaning.hu\/en\/wp-json\/wp\/v2\/comments?post=107"}],"wp:featuredmedia":[{"embeddable":true,"href":"https:\/\/naturcleaning.hu\/en\/wp-json\/wp\/v2\/media\/108"}],"wp:attachment":[{"href":"https:\/\/naturcleaning.hu\/en\/wp-json\/wp\/v2\/media?parent=107"}],"wp:term":[{"taxonomy":"product_brand","embeddable":true,"href":"https:\/\/naturcleaning.hu\/en\/wp-json\/wp\/v2\/product_brand?post=107"},{"taxonomy":"product_cat","embeddable":true,"href":"https:\/\/naturcleaning.hu\/en\/wp-json\/wp\/v2\/product_cat?post=107"},{"taxonomy":"product_tag","embeddable":true,"href":"https:\/\/naturcleaning.hu\/en\/wp-json\/wp\/v2\/product_tag?post=107"}],"curies":[{"name":"wp","href":"https:\/\/api.w.org\/{rel}","templated":true}]}}