{"id":101,"date":"2021-05-28T14:16:37","date_gmt":"2021-05-28T14:16:37","guid":{"rendered":"https:\/\/cudyfuture.nomaddigital.hu\/?post_type=product&#038;p=101"},"modified":"2025-07-22T09:40:05","modified_gmt":"2025-07-22T09:40:05","slug":"nagytakaritas-csomag-extra","status":"publish","type":"product","link":"https:\/\/naturcleaning.hu\/en\/product\/nagytakaritas-csomag-extra\/","title":{"rendered":"Spring cleaning extra pack"},"content":{"rendered":"<h3>Package contents:<\/h3>\n<p>1 pc Naturcleaning General cleaning concentrate 1 liter<\/p>\n<p>1 db Naturcleaning Ablaktiszt\u00edt\u00f3 orgona illattal 500 ml <strong>vagy<\/strong> Naturcleaning Ablaktiszt\u00edt\u00f3 Lime 500 ml<\/p>\n<p>1 piece of Naturcleaning Sensitive fragrance- and allergen-free citric acid limescale remover 500 ml<\/p>\n<p>1 db Naturcleaning mosogat\u00f3szer Tea-mandarin illattal 500 ml<\/p>\n<p>1 db Naturcleaning konyhai tiszt\u00edt\u00f3 500 ml<\/p>\n<p>1 Bio Natural wipe<\/p>\n<p>1 db Naturcleaning Biosept 750 ml<\/p>\n<p>1 csomag Natural k\u00f3kusz mosogat\u00f3szivacs 2 db\/cs.<\/p>\n<p>&nbsp;<\/p>\n<p>AJ\u00c1ND\u00c9K: 1 db Naturcleaning v\u00e1szon t\u00e1ska<\/p>\n<p>A k\u00e9p csak illusztr\u00e1ci\u00f3!<\/p>","protected":false},"excerpt":{"rendered":"<p>Csomag tartalma: 1 db Naturcleaning \u00c1ltal\u00e1nos tiszt\u00edt\u00f3szer koncentr\u00e1tum 1 liter 1 db Naturcleaning Ablaktiszt\u00edt\u00f3 orgona illattal 500 ml vagy Naturcleaning Ablaktiszt\u00edt\u00f3 Lime 500 ml 1 db Naturcleaning Sensitive illat-, \u00e9s allerg\u00e9nmentes citromsavas v\u00edzk\u0151old\u00f3 500 ml 1 db Naturcleaning mosogat\u00f3szer Tea-mandarin illattal 500 ml 1 db Naturcleaning konyhai tiszt\u00edt\u00f3 500 ml 1 db Bio Natural t\u00f6rl\u0151kend\u0151 [&hellip;]<\/p>\n","protected":false},"featured_media":9250,"comment_status":"open","ping_status":"closed","template":"","meta":{"_acf_changed":false},"product_brand":[],"product_cat":[33],"product_tag":[696],"class_list":{"0":"post-101","1":"product","2":"type-product","3":"status-publish","4":"has-post-thumbnail","6":"product_cat-csomagajanlat","7":"product_tag-akcios","9":"first","10":"instock","11":"sale","12":"shipping-taxable","13":"purchasable","14":"product-type-simple"},"acf":[],"_links":{"self":[{"href":"https:\/\/naturcleaning.hu\/en\/wp-json\/wp\/v2\/product\/101","targetHints":{"allow":["GET"]}}],"collection":[{"href":"https:\/\/naturcleaning.hu\/en\/wp-json\/wp\/v2\/product"}],"about":[{"href":"https:\/\/naturcleaning.hu\/en\/wp-json\/wp\/v2\/types\/product"}],"replies":[{"embeddable":true,"href":"https:\/\/naturcleaning.hu\/en\/wp-json\/wp\/v2\/comments?post=101"}],"wp:featuredmedia":[{"embeddable":true,"href":"https:\/\/naturcleaning.hu\/en\/wp-json\/wp\/v2\/media\/9250"}],"wp:attachment":[{"href":"https:\/\/naturcleaning.hu\/en\/wp-json\/wp\/v2\/media?parent=101"}],"wp:term":[{"taxonomy":"product_brand","embeddable":true,"href":"https:\/\/naturcleaning.hu\/en\/wp-json\/wp\/v2\/product_brand?post=101"},{"taxonomy":"product_cat","embeddable":true,"href":"https:\/\/naturcleaning.hu\/en\/wp-json\/wp\/v2\/product_cat?post=101"},{"taxonomy":"product_tag","embeddable":true,"href":"https:\/\/naturcleaning.hu\/en\/wp-json\/wp\/v2\/product_tag?post=101"}],"curies":[{"name":"wp","href":"https:\/\/api.w.org\/{rel}","templated":true}]}}