{"id":664,"date":"2022-01-03T11:27:10","date_gmt":"2022-01-03T10:27:10","guid":{"rendered":"https:\/\/cudyfuture.nomaddigital.hu\/?page_id=664"},"modified":"2025-06-10T08:56:53","modified_gmt":"2025-06-10T08:56:53","slug":"szallitasi-dijak","status":"publish","type":"page","link":"https:\/\/naturcleaning.hu\/en\/szallitasi-dijak\/","title":{"rendered":"Sz\u00e1ll\u00edt\u00e1si d\u00edjak"},"content":{"rendered":"<h2 style=\"text-align: center;\"><strong>Sz\u00e1ll\u00edt\u00e1si d\u00edjak<\/strong><\/h2>\n<p style=\"text-align: center;\"><strong>A megrendelt csomag kisz\u00e1ll\u00edt\u00e1sa az \u00e1ltalad megadott belf\u00f6ldi sz\u00e1ll\u00edt\u00e1s eset\u00e9n.<\/strong><\/p>\n<p><b>25.000 Ft\u00a0 feletti megrendel\u00e9s eset\u00e9n a sz\u00e1ll\u00edt\u00e1s belf\u00f6ld\u00f6n INGYENES!<\/b><span style=\"font-weight: 400;\"><br \/>\n<\/span><b>Z\u00d6LD H\u00c9TF\u0150 minden h\u00f3nap els\u0151 h\u00e9tf\u0151j\u00e9n 12.000 ft felett a sz\u00e1ll\u00edt\u00e1s belf\u00f6ld\u00f6n INGYENES!<\/b><\/p>\n<p><span style=\"font-weight: 400;\">A k\u00fcldem\u00e9nyek kisz\u00e1ll\u00edt\u00e1sa a rendel\u00e9s be\u00e9rkez\u00e9s\u00e9t k\u00f6vet\u0151 2-5 munkanapon bel\u00fcl t\u00f6rt\u00e9nik (amennyiben a megrendelt term\u00e9k(ek)-b\u0151l van el\u00e9rhet\u0151 k\u00e9szlet).<\/span><\/p>\n<p><span style=\"font-weight: 400;\">A be\u00e9rkez\u0151 rendel\u00e9seket automatikusan regisztr\u00e1ljuk \u00e9s a csomag \u00f6ssze\u00e1ll\u00edt\u00e1sa ut\u00e1n \u00e1tadjuk a fut\u00e1rszolg\u00e1latnak. \u00dajabb \u00e9rtes\u00edt\u00e9st a csomag \u00f6ssze\u00e1ll\u00edt\u00e1sakor, majd a k\u00e9zbes\u00edt\u00e9s napj\u00e1nak reggel\u00e9n k\u00fcld\u00fcnk. A kisz\u00e1ll\u00edt\u00e1st a fut\u00e1rszolg\u00e1lat 8 \u00e9s 17 \u00f3ra k\u00f6z\u00f6tt v\u00e9gzi.<\/span><\/p>\n<p>&nbsp;<\/p>\n<h3><b>Trans-Sped Zero<\/b><\/h3>\n<p><span style=\"font-weight: 400;\">A Trans-Sped ZERO kisz\u00e1ll\u00edt\u00e1s a hagyom\u00e1nyos megold\u00e1sokn\u00e1l k\u00f6rnyezet bar\u00e1tabb \u00e1rusz\u00e1ll\u00edt\u00e1st tesz lehet\u0151v\u00e9.<\/span><\/p>\n<p><span style=\"font-weight: 400;\">A megrendelt term\u00e9keket eredeti csomagol\u00e1s\u00e1ban z\u00e1rhat\u00f3, moshat\u00f3, t\u00f6bbsz\u00f6r haszn\u00e1latos l\u00e1d\u00e1kba helyezz\u00fck.<\/span><\/p>\n<p><span style=\"font-weight: 400;\">Ez\u00e1ltal a kisz\u00e1ll\u00edt\u00e1skor nem keletkezik felesleges csomagol\u00f3anyag, t\u00e9rkit\u00f6lt\u0151 anyag, hiszen csak kipakolj\u00e1tok a megrendelt \u00e1rut \u00e9s ha van visszak\u00fcldeni k\u00edv\u00e1nt flakonotok csak egyszer\u0171en tegy\u00e9tek a l\u00e1d\u00e1ba, \u00e9s adj\u00e1tok vissza a fut\u00e1rnak.<\/span><\/p>\n<p><span style=\"font-weight: 400;\">Ezt k\u00f6vet\u0151en a l\u00e1d\u00e1k megfelel\u0151 tiszt\u00edt\u00e1s ut\u00e1n \u00fajra haszn\u00e1latba helyezhet\u0151k.<\/span><\/p>\n<p><img loading=\"lazy\" decoding=\"async\" class=\"alignnone size-medium wp-image-34806\" src=\"https:\/\/naturcleaning.hu\/wp-content\/uploads\/trans-speed-zero-300x169.jpg\" alt=\"\" width=\"300\" height=\"169\" srcset=\"https:\/\/naturcleaning.hu\/wp-content\/uploads\/trans-speed-zero-300x169.jpg 300w, https:\/\/naturcleaning.hu\/wp-content\/uploads\/trans-speed-zero-1024x576.jpg 1024w, https:\/\/naturcleaning.hu\/wp-content\/uploads\/trans-speed-zero-768x432.jpg 768w, https:\/\/naturcleaning.hu\/wp-content\/uploads\/trans-speed-zero-18x10.jpg 18w, https:\/\/naturcleaning.hu\/wp-content\/uploads\/trans-speed-zero-600x338.jpg 600w, https:\/\/naturcleaning.hu\/wp-content\/uploads\/trans-speed-zero.jpg 1280w\" sizes=\"auto, (max-width: 300px) 100vw, 300px\" \/><\/p>\n<p><strong>3 <\/strong>kg-ig 1800.-<\/p>\n<p><strong>3-5 <\/strong>kg-ig 1950.-<\/p>\n<p><strong>5-10 <\/strong>kg-ig 2150.-<\/p>\n<p><strong>10-15<\/strong> kg-ig 2250.-<\/p>\n<p><strong>15-20<\/strong> kg- ig 2450.-<\/p>\n<p><strong>20-25<\/strong> kg- ig 2600.-<\/p>\n<p><strong>25-31,5<\/strong> kg-ig 2800.-<\/p>\n<p>&nbsp;<\/p>\n<h3><b>DPD fut\u00e1rszolg\u00e1lat<\/b><\/h3>\n<p><span style=\"font-weight: 400;\">Az \u00c1rut a DPD fut\u00e1rszolg\u00e1lat sz\u00e1ll\u00edtja ki. Karton dobozba csomagoljuk a term\u00e9keket, a ki\u00fcr\u00fclt flakonokat is karton csomagol\u00e1sban k\u00fcldhetik vissza.<\/span><\/p>\n<p>&nbsp;<\/p>\n<p><strong>Sz\u00e1ll\u00edt\u00e1si d\u00edjak belf\u00f6ldi rendel\u00e9s eset\u00e9n:<\/strong><\/p>\n<p><strong>3 <\/strong>kg-ig 1800.-<\/p>\n<p><strong>3-5 <\/strong>kg-ig 1950.-<\/p>\n<p><strong>5-10 <\/strong>kg-ig 2150.-<\/p>\n<p><strong>10-15<\/strong> kg-ig 2250.-<\/p>\n<p><strong>15-20<\/strong> kg- ig 2450.-<\/p>\n<p><strong>20-25<\/strong> kg- ig 2600.-<\/p>\n<p><strong>25-31,5<\/strong> kg-ig 2800.-<\/p>\n<p>&nbsp;<\/p>\n<h3><b>MPL fut\u00e1rszolg\u00e1lat<\/b><\/h3>\n<p><span style=\"font-weight: 400;\">K\u00e9nyelmes \u00e9s egyszer\u0171 csomag\u00e1tv\u00e9teli lehet\u0151s\u00e9g. Fizethet bankk\u00e1rty\u00e1val vagy k\u00e9szp\u00e9nzzel.<\/span><span style=\"font-weight: 400;\"><br \/>\n<\/span><span style=\"font-weight: 400;\">A k\u00e9zbes\u00edt\u00e9st k\u00e9rheti lakc\u00edm\u00e9re, vagy ak\u00e1r munkahely\u00e9re. Orsz\u00e1gos lefedetts\u00e9g.<\/span><span style=\"font-weight: 400;\"><br \/>\n<\/span><span style=\"font-weight: 400;\">K\u00e9tszeri k\u00e9zbes\u00edt\u00e9si k\u00eds\u00e9rlet MPL csomag eset\u00e9n, amelyet az alapd\u00edj tartalmaz.<\/span><\/p>\n<p><strong>3 <\/strong>kg-ig 1990.-<\/p>\n<p><strong>3-5 <\/strong>kg-ig 2150.-<\/p>\n<p><strong>5-10 <\/strong>kg-ig 2990.-<\/p>\n<p><strong>10-20<\/strong> kg-ig 2990.-<\/p>\n<p><strong>20-40<\/strong> kg- ig 5990.-<\/p>\n<p>&nbsp;<\/p>\n<h3><b>MPL Posta Pont<\/b><\/h3>\n<h3><b>Mi\u00e9rt \u00e9rdemes MOL- Coop PostaPontra rendelni?<\/b><\/h3>\n<ul>\n<li style=\"font-weight: 400;\" aria-level=\"1\"><span style=\"font-weight: 400;\">Mert a legt\u00f6bb MOL PostaPont napi 24, a Coop PostaPontok t\u00f6bbs\u00e9ge pedig 12 \u00f3r\u00e1ban nyitva tart, \u00edgy a munka el\u0151tt \u00e9s ut\u00e1n is elhozhat\u00f3 a csomag.\u00a0<\/span><\/li>\n<li style=\"font-weight: 400;\" aria-level=\"1\"><span style=\"font-weight: 400;\">SMS-ben vagy e-mailben \u00e9rtes\u00edtj\u00fck a k\u00fcldem\u00e9ny \u00e9rkez\u00e9s\u00e9r\u0151l, ahogy \u00d6n szeretn\u00e9.<\/span><\/li>\n<li style=\"font-weight: 400;\" aria-level=\"1\"><span style=\"font-weight: 400;\">Az \u00e1tv\u00e9teli pontok k\u00f6nnyen megk\u00f6zel\u00edthet\u0151k.<\/span><\/li>\n<li style=\"font-weight: 400;\" aria-level=\"1\"><span style=\"font-weight: 400;\">A kutakon a parkol\u00e1s egyszer\u0171 \u00e9s ingyenes.<\/span><\/li>\n<li style=\"font-weight: 400;\" aria-level=\"1\"><span style=\"font-weight: 400;\">A MOL PostaPontokon \u00e9s a Coop PostaPontok nagy r\u00e9sz\u00e9ben bankk\u00e1rty\u00e1val is fizethet.<\/span><\/li>\n<\/ul>\n<p><span style=\"font-weight: 400;\">A k\u00fcldem\u00e9nyek maxim\u00e1lis t\u00f6mege 20 kg.<\/span><\/p>\n<p><strong>3 <\/strong>kg-ig 1500.-<\/p>\n<p><strong>3-10 <\/strong>kg-ig 1600.-<\/p>\n<p><strong>10-15 <\/strong>kg-ig 1800.-<\/p>\n<p><strong>15-20<\/strong> kg-ig 1900.-<\/p>\n<p>&nbsp;<\/p>\n<p><b>A megrendelt csomag kisz\u00e1ll\u00edt\u00e1sa az \u00e1ltalad megadott k\u00fclf\u00f6ldi sz\u00e1ll\u00edt\u00e1s eset\u00e9n.<\/b><\/p>\n<p><b>A k\u00f6vetkez\u0151 orsz\u00e1gba tudod h\u00e1zhoz rendelni term\u00e9keinket:<\/b><\/p>\n<p><b>\u00a0<\/b><\/p>\n<ul>\n<li style=\"font-weight: 400;\" aria-level=\"1\"><span style=\"font-weight: 400;\">Rom\u00e1nia<\/span><\/li>\n<li style=\"font-weight: 400;\" aria-level=\"1\"><span style=\"font-weight: 400;\">Lengyelorsz\u00e1g<\/span><\/li>\n<li style=\"font-weight: 400;\" aria-level=\"1\"><span style=\"font-weight: 400;\">Szlov\u00e1kia<\/span><\/li>\n<li style=\"font-weight: 400;\" aria-level=\"1\"><span style=\"font-weight: 400;\">Ausztria<\/span><\/li>\n<li style=\"font-weight: 400;\" aria-level=\"1\"><span style=\"font-weight: 400;\">Csehorsz\u00e1g<\/span><\/li>\n<li style=\"font-weight: 400;\" aria-level=\"1\"><span style=\"font-weight: 400;\">Horv\u00e1torsz\u00e1g<\/span><\/li>\n<li style=\"font-weight: 400;\" aria-level=\"1\"><span style=\"font-weight: 400;\">N\u00e9metorsz\u00e1g<\/span><b>\u00a0<\/b><\/li>\n<\/ul>\n<p><b>Sz\u00e1ll\u00edt\u00e1si k\u00f6lts\u00e9g k\u00fclf\u00f6ldi sz\u00e1ll\u00edt\u00e1s eset\u00e9n:<\/b><\/p>\n<p><b>2<\/b><span style=\"font-weight: 400;\">\u00a0kg-ig \u00a06500.-<\/span><\/p>\n<p><b>3<\/b><span style=\"font-weight: 400;\">\u00a0kg-ig 7500.-<\/span><\/p>\n<p><b>5<\/b><span style=\"font-weight: 400;\">\u00a0kg-ig 9700.-<\/span><\/p>\n<p><b>10<\/b><span style=\"font-weight: 400;\">\u00a0kg-ig 11000.-<\/span><\/p>\n<p><b>15<\/b><span style=\"font-weight: 400;\">\u00a0kg-ig 12000.-<\/span><\/p>\n<p><b>20<\/b><span style=\"font-weight: 400;\">\u00a0kg- ig 13000.-<\/span><\/p>\n<p><b>25<\/b><span style=\"font-weight: 400;\">\u00a0kg-ig 14000.-<\/span><\/p>\n<p><b>30<\/b><span style=\"font-weight: 400;\">\u00a0kg-ig 16000.-<\/span><\/p>\n<p><b>40<\/b><span style=\"font-weight: 400;\">\u00a0kg t\u00f3l 20000.-<\/span><\/p>","protected":false},"excerpt":{"rendered":"<p>Sz\u00e1ll\u00edt\u00e1si d\u00edjak A megrendelt csomag kisz\u00e1ll\u00edt\u00e1sa az \u00e1ltalad megadott belf\u00f6ldi sz\u00e1ll\u00edt\u00e1s eset\u00e9n. 25.000 Ft\u00a0 feletti megrendel\u00e9s eset\u00e9n a sz\u00e1ll\u00edt\u00e1s belf\u00f6ld\u00f6n INGYENES! Z\u00d6LD H\u00c9TF\u0150 minden h\u00f3nap els\u0151 h\u00e9tf\u0151j\u00e9n 12.000 ft felett a sz\u00e1ll\u00edt\u00e1s belf\u00f6ld\u00f6n INGYENES! A k\u00fcldem\u00e9nyek kisz\u00e1ll\u00edt\u00e1sa a rendel\u00e9s be\u00e9rkez\u00e9s\u00e9t k\u00f6vet\u0151 2-5 munkanapon bel\u00fcl t\u00f6rt\u00e9nik (amennyiben a megrendelt term\u00e9k(ek)-b\u0151l van el\u00e9rhet\u0151 k\u00e9szlet). A be\u00e9rkez\u0151 rendel\u00e9seket [&hellip;]<\/p>\n","protected":false},"author":1,"featured_media":0,"parent":0,"menu_order":0,"comment_status":"closed","ping_status":"closed","template":"","meta":{"_acf_changed":false,"footnotes":""},"class_list":["post-664","page","type-page","status-publish","hentry"],"acf":[],"_links":{"self":[{"href":"https:\/\/naturcleaning.hu\/en\/wp-json\/wp\/v2\/pages\/664","targetHints":{"allow":["GET"]}}],"collection":[{"href":"https:\/\/naturcleaning.hu\/en\/wp-json\/wp\/v2\/pages"}],"about":[{"href":"https:\/\/naturcleaning.hu\/en\/wp-json\/wp\/v2\/types\/page"}],"author":[{"embeddable":true,"href":"https:\/\/naturcleaning.hu\/en\/wp-json\/wp\/v2\/users\/1"}],"replies":[{"embeddable":true,"href":"https:\/\/naturcleaning.hu\/en\/wp-json\/wp\/v2\/comments?post=664"}],"version-history":[{"count":2,"href":"https:\/\/naturcleaning.hu\/en\/wp-json\/wp\/v2\/pages\/664\/revisions"}],"predecessor-version":[{"id":34807,"href":"https:\/\/naturcleaning.hu\/en\/wp-json\/wp\/v2\/pages\/664\/revisions\/34807"}],"wp:attachment":[{"href":"https:\/\/naturcleaning.hu\/en\/wp-json\/wp\/v2\/media?parent=664"}],"curies":[{"name":"wp","href":"https:\/\/api.w.org\/{rel}","templated":true}]}}