{"id":310,"date":"2021-05-31T21:00:15","date_gmt":"2021-05-31T19:00:15","guid":{"rendered":"https:\/\/cudyfuture.nomaddigital.hu\/?page_id=310"},"modified":"2021-05-31T21:00:15","modified_gmt":"2021-05-31T19:00:15","slug":"minoseg-es-kornyezeti-politika","status":"publish","type":"page","link":"https:\/\/naturcleaning.hu\/en\/minoseg-es-kornyezeti-politika\/","title":{"rendered":"Quality and Environment guidelines"},"content":{"rendered":"<p style=\"font-weight: 400;\"><b><strong>Quality and Environment guidelines<\/strong><\/b><\/p>\n<p style=\"font-weight: 400;\">\n<p style=\"font-weight: 400;\">The\u00a0<b><strong>Cudy Future Kft.<\/strong><\/b>\u00a0\u00a0tiszt\u00edt\u00f3szerek \u00e9s kozmetikumok gy\u00e1rt\u00e1sa, fejleszt\u00e9se \u00e9s forgalmaz\u00e1sa<\/p>\n<p style=\"font-weight: 400;\">tev\u00e9kenys\u00e9g\u00e9nek f\u00f3kusz\u00e1ban a vev\u0151k ig\u00e9nyeinek mind magasabb szint\u0171 kiel\u00e9g\u00edt\u00e9se \u00e1ll, aminek alapja a pr\u00e9mium kateg\u00f3ri\u00e1s hypoallergen term\u00e9kek gy\u00e1rt\u00e1sa.<\/p>\n<p style=\"font-weight: 400;\"><b><strong>Cudy Future Kft.\u00a0<\/strong><\/b>dolgoz\u00f3i elk\u00f6telezettek\u00a0 a tiszt\u00edt\u00f3szerek fejleszt\u00e9s \u00e9s gy\u00e1rt\u00e1s folyamat\u00e1ban, a term\u00e9szet \u00e9s k\u00f6rnyezetv\u00e9delemnek, \u00edgy a c\u00e9g c\u00e9ljait szem el\u0151tt tartva a min\u0151s\u00e9gi \u00e9s k\u00f6rnyezetv\u00e9delmi elv\u00e1r\u00e1soknak megfelel\u0151en v\u00e9gzik munk\u00e1jukat.<\/p>\n<p style=\"font-weight: 400;\">C\u00e9lunk, hogy tev\u00e9kenys\u00e9geink sor\u00e1n a fenntarthat\u00f3 k\u00f6rnyezetv\u00e9delmet helyezz\u00fck el\u0151t\u00e9rbe munk\u00e1nk k\u00f6zben \u00e9s term\u00e9keinkkel\u00a0 ne k\u00e1ros\u00edtsuk a k\u00f6rnyezet\u00fcnket \u00e9s vev\u0151inek sz\u00e1m\u00e1ra is k\u00f6rnyezettudatos, gy\u00f3gyn\u00f6v\u00e9nyalap\u00fa, hypoallergen megold\u00e1sokat fejlessz\u00fcnk \u00e9s gy\u00e1rtsunk.<\/p>\n<p style=\"font-weight: 400;\">Sz\u00e1munkra fontos a megrendel\u0151ink j\u00f6v\u0151beni \u00e9s l\u00e1tens ig\u00e9nyeinek felt\u00e9rk\u00e9pez\u00e9se, hogy term\u00e9keinkkel\u00a0 a j\u00f6v\u0151re n\u00e9zve az ezen ig\u00e9nyek \u00e1ltal kijel\u00f6lt ir\u00e1nyokban fejlessz\u00fck mint p\u00e9ld\u00e1ul:<\/p>\n<ul>\n<li style=\"font-weight: 400;\">Az allerg\u00e9n mentes term\u00e9kek sz\u00e9lesk\u00f6r\u0171 palett\u00e1ja, .<\/li>\n<li style=\"font-weight: 400;\">Vev\u0151ink magas sz\u00ednvonal\u00fa, ak\u00e1r egy\u00e9nre szabott\u00a0 kiszolg\u00e1l\u00e1sa mind a gy\u00e1rt\u00e1st illet\u0151en, mind pedig a felhaszn\u00e1l\u00e1s ter\u00fcleten a k\u00f6rnyezeti t\u00e9nyez\u0151k figyelembev\u00e9tel\u00e9vel.<\/li>\n<li style=\"font-weight: 400;\">The\u00a0<b><strong>Cudy Future Kft.<\/strong><\/b>\u00e1ltal kisz\u00e1ll\u00edtott term\u00e9kek flakonjair\u00f3l tartalmuk ki\u00fcr\u00edt\u00e9se ut\u00e1n sem feledkez\u00fcnk meg, hanem azokat visszav\u00e1s\u00e1roljuk vev\u0151inkt\u0151l \u00e9s amennyiben lehets\u00e9ges 100 % -os \u00fajra felhaszn\u00e1l\u00e1sukat val\u00f3s\u00edtjuk meg,<\/li>\n<li style=\"font-weight: 400;\">A vev\u0151i el\u00e9gedetts\u00e9g folyamatos figyelemmel k\u00eds\u00e9r\u00e9se, \u00e9s az el\u00e9gedetts\u00e9g n\u00f6vel\u00e9si lehet\u0151s\u00e9geinek keres\u00e9se.<\/li>\n<li style=\"font-weight: 400;\">Eszmeileg \u00e9s term\u00e9keinken figyelmet felkelt\u0151 megjelen\u00edt\u00e9ssel is t\u00e1mogatunk minden olyan t\u00f6rekv\u00e9st , amely a hullad\u00e9kk\u00e9nt kezelt g\u00f6ngy\u00f6legek\u00a0 mindennapi haszn\u00e1latra alkalmas eszk\u00f6zk\u00e9nt val\u00f3 el\u0151\u00e1ll\u00edt\u00e1s\u00e1val k\u00e9pes azokat \u00fajra hasznos\u00edtani.<\/li>\n<\/ul>\n<p style=\"font-weight: 400;\">\n<p style=\"font-weight: 400;\">Sz\u00e1ll\u00edt\u00f3inkkal j\u00f3 partneri kapcsolatra t\u00f6reksz\u00fcnk, igyeksz\u00fcnk sz\u00e1ll\u00edt\u00f3i kapcsolatinkat er\u0151s\u00edteni, illetve besz\u00e1ll\u00edt\u00f3ink k\u00f6z\u00fcl kiemelten keress\u00fck azokat, akik azonosulnak T\u00e1rsas\u00e1gunk \u00e1ltal megfogalmazott c\u00e9lokkal.<\/p>\n<p style=\"font-weight: 400;\">C\u00e9lunk megval\u00f3s\u00edt\u00e1sa \u00e9rdek\u00e9ben kialak\u00edtottuk, bevezett\u00fck \u00e9s m\u0171k\u00f6dtetj\u00fck az\u00a0<b><strong>MSZ EN ISO 9001: 2015<\/strong><\/b>\u00a0min\u0151s\u00e9gir\u00e1ny\u00edt\u00e1si\u00a0 \u00e9s\u00a0<b><strong>MSZ EN ISO 14001:2015<\/strong><\/b>\u00a0k\u00f6rnyezetk\u00f6zpont\u00fa ir\u00e1ny\u00edt\u00e1si rendszert, folyamatosan fejlesztve azt.<\/p>\n<p style=\"font-weight: 400;\">A Vev\u0151ink elv\u00e1r\u00e1sait, \u00e9rdekeit, r\u00f6vid \u00e9s hossz\u00fa t\u00e1v\u00fa ig\u00e9nyeit mindenkor els\u0151dlegesnek tartjuk, megb\u00edzhat\u00f3, pontos, gyors ,korrekt \u00e9s k\u00f6rnyezettudatos term\u00e9keinkkel\u00a0 k\u00edv\u00e1nunk hozz\u00e1j\u00e1rulni \u00fczleti \u00e9s gazdas\u00e1gi eredm\u00e9nyeikhez.<\/p>\n<p style=\"font-weight: 400;\"><b><strong>Cudy Future Kft.<\/strong><\/b>\u00a0folyamatosan figyelemmel k\u00eds\u00e9ri a k\u00f6rnyezetv\u00e9delmi elv\u00e1r\u00e1soknak val\u00f3 megfelel\u00e9st \u00e9s t\u00f6rekszik a tev\u00e9kenys\u00e9ggel kapcsolatos jogszab\u00e1lyi \u00e9s k\u00f6rnyezetv\u00e9delmi k\u00f6vetelm\u00e9nyek\u00a0 azonos\u00edt\u00e1s\u00e1ra \u00e9s az azokban meghat\u00e1rozottaknak val\u00f3 megfelel\u0151s\u00e9gre.<\/p>\n<p style=\"font-weight: 400;\">Fontos feladatunknak tekintj\u00fck a sz\u00fcks\u00e9ges er\u0151forr\u00e1sok biztos\u00edt\u00e1s\u00e1t\u00a0 hum\u00e1n, t\u00e1rgyi \u00e9s p\u00e9nz\u00fcgyi vonatkoz\u00e1sban. Ennek \u00e9rdek\u00e9ben tervszer\u0171 k\u00e9pz\u00e9seket, oktat\u00e1sokat szervez\u00fcnk dolgoz\u00f3ink sz\u00e1m\u00e1ra, kialak\u00edtjuk \u00e9s fenntartjuk a k\u00f6rnyezettudatos min\u0151s\u00e9gi munkav\u00e9gz\u00e9st. Er\u0151forr\u00e1sainkat, infrastruktur\u00e1lis h\u00e1tter\u00fcnket folyamatosan fejlesztj\u00fck.<\/p>\n<p style=\"font-weight: 400;\">The\u00a0<b><strong>Cudy Future Kft.<\/strong><\/b>\u00a0min\u0151s\u00e9g- \u00e9s k\u00f6rnyezetir\u00e1ny\u00edt\u00e1si rendszer\u00e9nek folyamatos m\u0171k\u00f6dtet\u00e9s\u00e9vel, a rendszeres ellen\u0151rz\u0151, hibamegel\u0151z\u0151 \u00e9s helyesb\u00edt\u0151 tev\u00e9kenys\u00e9ggel t\u00f6rekszik a vev\u0151k elv\u00e1r\u00e1sainak egyre jobban megfelelni \u00e9s a min\u0151s\u00e9g \u2013 \u00e9s k\u00f6rnyezetir\u00e1ny\u00edt\u00e1si rendszert folyamatosan t\u00f6k\u00e9letes\u00edteni.<\/p>\n<p style=\"font-weight: 400;\">Elv\u00e1rjuk, hogy minden alkalmazott szem\u00e9lyes tud\u00e1s\u00e1val \u00e9s felel\u0151ss\u00e9g\u00e9vel j\u00e1ruljon hozz\u00e1 a\u00a0<b><strong>Cudy Future Kft.<\/strong><\/b>\u00a0 siker\u00e9hez.<\/p>\n<p style=\"font-weight: 400;\">\n<p style=\"font-weight: 400;\">Ny\u00edregyh\u00e1za. 2017. november 27.<\/p>","protected":false},"excerpt":{"rendered":"<p>Min\u0151s\u00e9g- \u00e9s K\u00f6rnyezeti politika A\u00a0Cudy Future Kft.\u00a0\u00a0tiszt\u00edt\u00f3szerek \u00e9s kozmetikumok gy\u00e1rt\u00e1sa, fejleszt\u00e9se \u00e9s forgalmaz\u00e1sa tev\u00e9kenys\u00e9g\u00e9nek f\u00f3kusz\u00e1ban a vev\u0151k ig\u00e9nyeinek mind magasabb szint\u0171 kiel\u00e9g\u00edt\u00e9se \u00e1ll, aminek alapja a pr\u00e9mium kateg\u00f3ri\u00e1s hypoallergen term\u00e9kek gy\u00e1rt\u00e1sa. Cudy Future Kft.\u00a0dolgoz\u00f3i elk\u00f6telezettek\u00a0 a tiszt\u00edt\u00f3szerek fejleszt\u00e9s \u00e9s gy\u00e1rt\u00e1s folyamat\u00e1ban, a term\u00e9szet \u00e9s k\u00f6rnyezetv\u00e9delemnek, \u00edgy a c\u00e9g c\u00e9ljait szem el\u0151tt tartva a min\u0151s\u00e9gi \u00e9s [&hellip;]<\/p>\n","protected":false},"author":1,"featured_media":0,"parent":0,"menu_order":0,"comment_status":"closed","ping_status":"closed","template":"","meta":{"_acf_changed":false,"footnotes":""},"class_list":["post-310","page","type-page","status-publish","hentry"],"acf":[],"_links":{"self":[{"href":"https:\/\/naturcleaning.hu\/en\/wp-json\/wp\/v2\/pages\/310","targetHints":{"allow":["GET"]}}],"collection":[{"href":"https:\/\/naturcleaning.hu\/en\/wp-json\/wp\/v2\/pages"}],"about":[{"href":"https:\/\/naturcleaning.hu\/en\/wp-json\/wp\/v2\/types\/page"}],"author":[{"embeddable":true,"href":"https:\/\/naturcleaning.hu\/en\/wp-json\/wp\/v2\/users\/1"}],"replies":[{"embeddable":true,"href":"https:\/\/naturcleaning.hu\/en\/wp-json\/wp\/v2\/comments?post=310"}],"version-history":[{"count":0,"href":"https:\/\/naturcleaning.hu\/en\/wp-json\/wp\/v2\/pages\/310\/revisions"}],"wp:attachment":[{"href":"https:\/\/naturcleaning.hu\/en\/wp-json\/wp\/v2\/media?parent=310"}],"curies":[{"name":"wp","href":"https:\/\/api.w.org\/{rel}","templated":true}]}}