{"id":308,"date":"2021-05-31T20:59:42","date_gmt":"2021-05-31T18:59:42","guid":{"rendered":"https:\/\/cudyfuture.nomaddigital.hu\/?page_id=308"},"modified":"2022-11-22T10:32:11","modified_gmt":"2022-11-22T10:32:11","slug":"cegadatok","status":"publish","type":"page","link":"https:\/\/naturcleaning.hu\/en\/cegadatok\/","title":{"rendered":"Company information"},"content":{"rendered":"<h3>C\u00e9g elnevez\u00e9se<\/h3>\n<p>Cudy Future Korl\u00e1tolt Felel\u0151ss\u00e9g\u0171 T\u00e1rsas\u00e1g<\/p>\n<h3>C\u00e9g sz\u00e9khelye<\/h3>\n<p>4400 Ny\u00edregyh\u00e1za, K\u00e9z u. 8.<\/p>\n<h3>C\u00e9g telephelye<\/h3>\n<p>4400 Ny\u00edregyh\u00e1za, Simai u. 40.<\/p>\n<p>A szolg\u00e1ltat\u00f3 el\u00e9rhet\u0151s\u00e9g,<\/p>\n<p>az ig\u00e9nybe vev\u0151kkel val\u00f3 kapcsolattart\u00e1sra szolg\u00e1l\u00f3, rendszeresen haszn\u00e1lt elektronikus levelez\u00e9si c\u00edme:\u00a0<span style=\"color: #59ab02;\">naturcleaning@naturcleaning.hu<\/span><\/p>\n<h3>K\u00e9pviseli<\/h3>\n<p><span style=\"color: #53121a;\">Kulcs\u00e1r Ildik\u00f3 \u00fcgyvezet\u0151<\/span><\/p>\n<h3>Telefonos \u00fcgyf\u00e9lszolg\u00e1lat ideje:<\/h3>\n<p>H\u00e9tf\u0151t\u0151l p\u00e9ntekig: 8.30 - 12.30 \u00f3r\u00e1ig<\/p>\n<p>Ad\u00f3sz\u00e1ma<\/p>\n<p>22934710-2-15<\/p>\n<h3>K\u00f6z\u00f6ss\u00e9gi ad\u00f3sz\u00e1ma<\/h3>\n<p>HU22934710<\/p>\n<h3>C\u00e9gjegyz\u00e9ksz\u00e1ma<\/h3>\n<p>15-09-076452<\/p>\n<h3>Banksz\u00e1mla sz\u00e1ma<\/h3>\n<p>10700048-73855569-51100005<\/p>\n<h3>Nyilv\u00e1ntart\u00e1sba bejegyz\u0151 hat\u00f3s\u00e1g neve:<\/h3>\n<p>Szabolcs-Szatm\u00e1r-Bereg megyei B\u00edr\u00f3s\u00e1g, mint C\u00e9gb\u00edr\u00f3s\u00e1g<\/p>","protected":false},"excerpt":{"rendered":"<p>C\u00e9g elnevez\u00e9se Cudy Future Korl\u00e1tolt Felel\u0151ss\u00e9g\u0171 T\u00e1rsas\u00e1g C\u00e9g sz\u00e9khelye 4400 Ny\u00edregyh\u00e1za, K\u00e9z u. 8. C\u00e9g telephelye 4400 Ny\u00edregyh\u00e1za, Simai u. 40. A szolg\u00e1ltat\u00f3 el\u00e9rhet\u0151s\u00e9g, az ig\u00e9nybe vev\u0151kkel val\u00f3 kapcsolattart\u00e1sra szolg\u00e1l\u00f3, rendszeresen haszn\u00e1lt elektronikus levelez\u00e9si c\u00edme:\u00a0naturcleaning@naturcleaning.hu K\u00e9pviseli Kulcs\u00e1r Ildik\u00f3 \u00fcgyvezet\u0151 Telefonos \u00fcgyf\u00e9lszolg\u00e1lat ideje: H\u00e9tf\u0151t\u0151l p\u00e9ntekig: 8.30 - 12.30 \u00f3r\u00e1ig Ad\u00f3sz\u00e1ma 22934710-2-15 K\u00f6z\u00f6ss\u00e9gi ad\u00f3sz\u00e1ma HU22934710 C\u00e9gjegyz\u00e9ksz\u00e1ma 15-09-076452 [&hellip;]<\/p>\n","protected":false},"author":1,"featured_media":0,"parent":0,"menu_order":0,"comment_status":"closed","ping_status":"closed","template":"","meta":{"_acf_changed":false,"footnotes":""},"class_list":["post-308","page","type-page","status-publish","hentry"],"acf":[],"_links":{"self":[{"href":"https:\/\/naturcleaning.hu\/en\/wp-json\/wp\/v2\/pages\/308","targetHints":{"allow":["GET"]}}],"collection":[{"href":"https:\/\/naturcleaning.hu\/en\/wp-json\/wp\/v2\/pages"}],"about":[{"href":"https:\/\/naturcleaning.hu\/en\/wp-json\/wp\/v2\/types\/page"}],"author":[{"embeddable":true,"href":"https:\/\/naturcleaning.hu\/en\/wp-json\/wp\/v2\/users\/1"}],"replies":[{"embeddable":true,"href":"https:\/\/naturcleaning.hu\/en\/wp-json\/wp\/v2\/comments?post=308"}],"version-history":[{"count":0,"href":"https:\/\/naturcleaning.hu\/en\/wp-json\/wp\/v2\/pages\/308\/revisions"}],"wp:attachment":[{"href":"https:\/\/naturcleaning.hu\/en\/wp-json\/wp\/v2\/media?parent=308"}],"curies":[{"name":"wp","href":"https:\/\/api.w.org\/{rel}","templated":true}]}}