{"id":1920,"date":"2022-03-07T10:16:34","date_gmt":"2022-03-07T09:16:34","guid":{"rendered":"https:\/\/naturcleaning.hu\/?page_id=1920"},"modified":"2022-03-07T10:17:32","modified_gmt":"2022-03-07T09:17:32","slug":"nyeremenyjatek-csepke-mobius-szabalyzat","status":"publish","type":"page","link":"https:\/\/naturcleaning.hu\/en\/nyeremenyjatek-csepke-mobius-szabalyzat\/","title":{"rendered":"Nyerem\u00e9nyj\u00e1t\u00e9k csepke mobius szab\u00e1lyzat"},"content":{"rendered":"<p><strong>1.A nyerem\u00e9nyj\u00e1t\u00e9k szervez\u0151je<\/strong><br \/>\nM\u00f6bius, Szab\u00f3-Fige T\u00edmea ev. 4400 Ny\u00edregyh\u00e1za, Sz\u00e9ls\u0151bokori \u00fat 62. ad\u00f3sz\u00e1m :79429061-1-35 tov\u00e1bbiakban \u201dSzervez\u0151\u201d).<br \/>\nNatur Cleaning \/ Cudy Future Kft.Sz\u00e9khely:4400 Ny\u00edregyh\u00e1za, K\u00e9z. u.8. Telephely: 4400 Ny\u00edregyh\u00e1za, Simai \u00fat. 40.<\/p>\n<p><strong>2. A j\u00e1t\u00e9kban t\u00f6rt\u00e9n\u0151 r\u00e9szv\u00e9tel felt\u00e9telei<\/strong><br \/>\n2.1 A J\u00e1t\u00e9kban kiz\u00e1r\u00f3lag azon \u00e1lland\u00f3, nyilv\u00e1ntartott magyarorsz\u00e1gi lak\u00f3hellyel rendelkez\u0151, 18. \u00e9let\u00e9v\u00e9t bet\u00f6lt\u00f6tt, devizabelf\u00f6ldi, az illet\u00e9kes magyar hat\u00f3s\u00e1g \u00e1ltal kiadott \u00e9rv\u00e9nyes szem\u00e9lyazonos\u00edt\u00f3 igazolv\u00e1nnyal rendelkez\u0151, magyar \u00e1llampolg\u00e1r, a 2.6 pontban meghat\u00e1rozott szem\u00e9lyek k\u00f6r\u00e9be nem es\u0151, saj\u00e1t Facebook profillal (a tov\u00e1bbiakban: \u201dProfil\u201d) rendelkez\u0151 term\u00e9szetes szem\u00e9ly (a tov\u00e1bbiakban: \u201dJ\u00e1t\u00e9kos\u201d) vehet r\u00e9szt, aki a J\u00e1t\u00e9k 4. pontban meghat\u00e1rozott id\u0151tartama alatt a https:\/\/www.facebook.com\/mobiusfashion\/ domain alatti weboldalon (a tov\u00e1bbiakban: \u201dHonlap\u201d) tal\u00e1lhat\u00f3 \u201enyerem\u00e9nyj\u00e1t\u00e9k\u201d Facebook tartalomban feltett k\u00e9rd\u00e9sre tartalom alatti kommentben v\u00e1laszol (a tov\u00e1bbiakban: \u201dP\u00e1ly\u00e1zat\u201d), \u00e9s ezzel egy\u00fattal elfogadja a jelen j\u00e1t\u00e9kszab\u00e1lyzatban (a tov\u00e1bbiakban: \u201dJ\u00e1t\u00e9kszab\u00e1lyzat\u201d) le\u00edrt valamennyi felt\u00e9telt.<br \/>\n2.2 Azok a P\u00e1ly\u00e1zatok, melyek a J\u00e1t\u00e9kszab\u00e1lyzatban le\u00edrt alaki \u00e9s tartalmi el\u0151\u00edr\u00e1soknak nem felelnek meg, a J\u00e1t\u00e9kb\u00f3l automatikusan kiz\u00e1r\u00e1sra, m\u00edg az \u00e9rv\u00e9nyes P\u00e1ly\u00e1zatok sz\u00e1m\u00edt\u00f3g\u00e9pes r\u00f6gz\u00edt\u00e9sre ker\u00fclnek.<br \/>\n2.3 A J\u00e1t\u00e9kosok kiz\u00e1r\u00f3lag a saj\u00e1t adataikkal vehetnek r\u00e9szt a J\u00e1t\u00e9kban. A J\u00e1t\u00e9kos a J\u00e1t\u00e9k id\u0151tartama alatt egy P\u00e1ly\u00e1zatot jogosult bek\u00fcldeni. Amennyiben a J\u00e1t\u00e9kos nem a saj\u00e1t maga \u00e1ltal regisztr\u00e1lt Profillal vesz r\u00e9szt a J\u00e1t\u00e9kban, a J\u00e1t\u00e9kkal kapcsolatos, Profil haszn\u00e1lat jogosults\u00e1g\u00e1b\u00f3l fakad\u00f3 vit\u00e1kkal kapcsolatban Szervez\u0151 mindennem\u0171 felel\u0151ss\u00e9get kiz\u00e1r.<br \/>\n2.4 A P\u00e1ly\u00e1zat bek\u00fcld\u00e9s\u00e9vel a J\u00e1t\u00e9kos tudom\u00e1sul veszi, hogy a J\u00e1t\u00e9k tartalma, teljes\u00edtm\u00e9nye, \u00fczenet- \u00e9s adat\u00e1tviteli-, valamint v\u00e1laszad\u00e1si sebess\u00e9ge a kiszolg\u00e1l\u00f3 technol\u00f3gia f\u00fcggv\u00e9nye, \u00e9s ez\u00e1ltal ezeket kedvez\u0151tlen\u00fcl befoly\u00e1solhatja olyan, a Szervez\u0151n k\u00edv\u00fcl\u00e1ll\u00f3 t\u00e9nyez\u0151, mint p\u00e9ld\u00e1ul (de nem kiz\u00e1r\u00f3lagosan) kapcsolati hiba, a szerver sz\u00e1m\u00edt\u00f3g\u00e9pek teljes\u00edtm\u00e9nye, valamint a biztons\u00e1gos h\u00e1l\u00f3zati kapcsolat fenntart\u00e1sa. A Szervez\u0151 az e bekezd\u00e9sben \u00edrtakb\u00f3l fakad\u00f3 mindennem\u0171 felel\u0151ss\u00e9get kiz\u00e1r.<br \/>\n2.5 A P\u00e1ly\u00e1zatokat a J\u00e1t\u00e9kszab\u00e1lyzat felt\u00e9teleinek teljes\u00edt\u00e9se v\u00e9gett a Szervez\u0151 megvizsg\u00e1lhatja, \u00e9s amennyiben azok, illetve az azt bek\u00fcld\u0151 J\u00e1t\u00e9kos b\u00e1rmely okb\u00f3l nem felel meg a J\u00e1t\u00e9kszab\u00e1lyzat felt\u00e9teleinek, \u00fagy az \u00e9rintett J\u00e1t\u00e9kost a J\u00e1t\u00e9kb\u00f3l kiz\u00e1rhatja.<br \/>\n2.6 A J\u00e1t\u00e9kb\u00f3l ki vannak z\u00e1rva a M\u00f6bius m\u00e1rk\u00e1t k\u00e9pvisel\u0151 Szab\u00f3 Fige T\u00edmea E.V., \u00e9s a Nature Cleaning \/ Cudy Future Kft. alkalmazottai \u00e9s ezen szem\u00e9lyek Polg\u00e1ri t\u00f6rv\u00e9nyk\u00f6nyvr\u0151l sz\u00f3l\u00f3 2013. \u00e9vi V. t\u00f6rv\u00e9ny (a tov\u00e1bbiakban Ptk.) 8:1. \u00a7 (1) bekezd\u00e9s 1. pontj\u00e1ban meghat\u00e1rozott fogalom szerinti k\u00f6zeli hozz\u00e1tartoz\u00f3i, akik a k\u00f6vetkez\u0151 szem\u00e9lyek: a h\u00e1zast\u00e1rs, az egyenes-\u00e1gbeli rokon, az \u00f6r\u00f6kbefogadott, a mostoha- \u00e9s a nevelt gyermek, az \u00f6r\u00f6kbefogad\u00f3-, a mostoha- \u00e9s a nevel\u0151sz\u00fcl\u0151 \u00e9s a testv\u00e9r.<\/p>\n<p><strong>3. A j\u00e1t\u00e9k le\u00edr\u00e1sa<\/strong><br \/>\nA J\u00e1t\u00e9kos a 2.1. pontban le\u00edrtak szerinti el\u00e9r\u00e9s\u00e9t k\u00f6vet\u0151en az oldal \u00fczen\u0151 fal\u00e1ra jut. A J\u00e1t\u00e9k sor\u00e1n a Szervez\u0151 egy \u00faj tartalmat tesz k\u00f6zz\u00e9 \u00fczen\u0151 fal\u00e1n, amely al\u00e1 a J\u00e1t\u00e9kos kommentk\u00e9nt sz\u00f6veges tartalmat \u00edrhat \u00e9s megoszthat m\u00e1sokkal. A Nyertesek a tartalom alatti kommentben a tartalomban feltett k\u00e9rd\u00e9sre v\u00e1laszol\u00f3 J\u00e1t\u00e9kosok k\u00f6z\u00fcl ker\u00fclnek (tov\u00e1bbiakban: \u201eNyertes\/Nyertesek) kisorsol\u00e1sra.<br \/>\nA j\u00e1t\u00e9k id\u0151tartama:\u00a02022. 03.08.-2022.03.15.-ig tart.<br \/>\nA J\u00e1t\u00e9k kezdete el\u0151tt \u00e9s befejez\u00e9s\u00e9t k\u00f6vet\u0151en bek\u00fcld\u00f6tt P\u00e1ly\u00e1zatok a J\u00e1t\u00e9kban nem vesznek r\u00e9szt.<\/p>\n<p><strong>4. A j\u00e1t\u00e9k menete, nyerem\u00e9nyek, sorsol\u00e1s<\/strong><br \/>\n4.1 Azon J\u00e1t\u00e9kosok k\u00f6z\u00f6tt, akik a tartalom alatti kommentben v\u00e1laszolnak a tartalomban feltett k\u00e9rd\u00e9sre, a Szervez\u0151 a J\u00e1t\u00e9kot k\u00f6vet\u0151en, a v\u00e9letlenszer\u0171s\u00e9g elv\u00e9nek eleget tev\u0151 sz\u00e1m\u00edt\u00f3g\u00e9pes program seg\u00edts\u00e9g\u00e9vel https:\/\/socialwinner.besocial.hu\/ kisorsol a helyesen v\u00e1laszol\u00f3 J\u00e1t\u00e9kosok k\u00f6z\u00f6tt, azaz kommentel\u0151nk\u00e9nt \u00f6sszesen: 2 db J\u00e1t\u00e9kos + 2 db t\u00e1rsj\u00e1t\u00e9kos.<\/p>\n<p>T\u00f6bb komment \u00edr\u00e1sa a tartalom al\u00e1 n\u00f6veli a J\u00e1t\u00e9kos es\u00e9lyeit, egy J\u00e1t\u00e9kos nem csak egyszer vesz r\u00e9szt a sorsol\u00e1son. T\u00f6bb komment \u00edr\u00e1sa megengedett.<br \/>\n4.2. Az 5.1 pontban \u00edrt Nyerem\u00e9ny sorsol\u00e1s\u00e1nak id\u0151pontja: 2022.03.15. +72 \u00f3r\u00e1n bel\u00fcl<br \/>\nNyerem\u00e9nyek m\u00e1sra \u00e1t nem ruh\u00e1zhat\u00f3ak, \u00e9s k\u00e9szp\u00e9nzre \u00e1t nem v\u00e1lthat\u00f3ak. A sorsol\u00e1s nem nyilv\u00e1nos.<br \/>\n4.3 A Szervez\u0151 a 5.2 pontban r\u00e9szletezett sorsol\u00e1son \u00f6sszesen 3 darab tartal\u00e9knyertes P\u00e1ly\u00e1zatot sorsol ki. A tartal\u00e9knyertesek abban az esetben v\u00e1lnak jogosultt\u00e1 a Nyerem\u00e9nyre, amennyiben a nyertes nem m\u0171k\u00f6dik egy\u00fctt a Szervez\u0151vel vagy a Lebonyol\u00edt\u00f3val, vagy a Nyerem\u00e9nyt nem veszi \u00e1t, vagy b\u00e1rmely m\u00e1s okb\u00f3l a J\u00e1t\u00e9kb\u00f3l kiz\u00e1r\u00e1sra ker\u00fcl.<br \/>\n5. Nyertesek \u00e9rtes\u00edt\u00e9se, nyerem\u00e9nyek \u00e1tv\u00e9tele<\/p>\n<p>5.1 A nyerem\u00e9nyj\u00e1t\u00e9k sor\u00e1n a nyertes \u2026Cudy Future Kft. a 25000 Ft-os csomagj\u00e1t valamint a t\u00e1rsnyertes a Cudy Future Kft. 5000 Ft-os csomagj\u00e1t nyeri .\u2026\u2026\u2026\u2026\u2026\u2026\u2026\u2026\u2026\u2026\u2026\u2026\u2026\u2026\u2026\u2026\u2026\u2026\u2026\u2026\u2026\u2026A M\u00f6bius 25000 Ft -os v\u00e1s\u00e1rl\u00e1si utalv\u00e1ny\u00e1t nyeri valamint a t\u00e1rsnyertes egy 5000 Ft -os v\u00e1s\u00e1rl\u00e1si utalv\u00e1ny\u00e1t nyeri.<\/p>\n<p>A Szervez\u0151 kiz\u00e1rhatja a J\u00e1t\u00e9kb\u00f3l azt a P\u00e1ly\u00e1zatot, amelyre n\u00e9zve az azt bek\u00fcld\u0151 J\u00e1t\u00e9kos r\u00e9sz\u00e9re a nyerem\u00e9nyt az\u00e9rt nem lehet \u00e1tadni, mert a Profilja nem val\u00f3s, hi\u00e1nyos vagy t\u00e9ves, vagy a P\u00e1ly\u00e1zatot bek\u00fcld\u0151 J\u00e1t\u00e9kos egy\u00e9b okb\u00f3l nem felel meg a jelen J\u00e1t\u00e9kszab\u00e1lyzatban \u00edrt szem\u00e9lyi felt\u00e9teleknek.<br \/>\n5.2 A Lebonyol\u00edt\u00f3 a sorsol\u00e1s id\u0151pontj\u00e1t k\u00f6vet\u0151 legk\u00e9s\u0151bb 3 (h\u00e1rom) munkanapon bel\u00fcl a Honlapon posztban meghirdeti a nyertes J\u00e1t\u00e9kos(ok) nev\u00e9t. A nyerteseknek az \u00c9rtes\u00edt\u00e9s k\u00e9zhezv\u00e9tel\u00e9t k\u00f6vet\u0151 5 (\u00f6t) napon bel\u00fcl k\u00f6telesek a Lebonyol\u00edt\u00f3 r\u00e9sz\u00e9re elk\u00fcldeni adatait. Amennyiben a nyertes a fenti hat\u00e1rid\u0151n bel\u00fcl az \u00c9rtes\u00edt\u00e9sre semmilyen form\u00e1ban nem reag\u00e1l, \u00fagy a nyertes J\u00e1t\u00e9kos kiz\u00e1r\u00e1sra ker\u00fcl, \u00e9s Szervez\u0151 tartal\u00e9knyertest jel\u00f6l ki. A Nyerem\u00e9nyt Lebonyol\u00edt\u00f3 postai \u00faton vagy fut\u00e1rszolg\u00e1lat seg\u00edts\u00e9g\u00e9vel juttatja el a Nyerteshez, az el\u0151tte Nyertessel egyeztetett post\u00e1z\u00e1si c\u00edmre. A Szervez\u0151 fenntartja a jogot arra, hogy a b\u00e1rmely okb\u00f3l elv\u00e1rhat\u00f3 hat\u00e1rid\u0151ben \u00e1t nem vett Nyerem\u00e9nyr\u0151l a sorrendben k\u00f6vetkez\u0151 tartal\u00e9knyertest \u00e9rtes\u00edtse.<br \/>\n5.3 A Szervez\u0151 kiz\u00e1rhatja a J\u00e1t\u00e9kb\u00f3l azt a P\u00e1ly\u00e1zatot, amelyre n\u00e9zve az azt bek\u00fcld\u0151 J\u00e1t\u00e9kos r\u00e9sz\u00e9re a nyerem\u00e9nyt az\u00e9rt nem lehet \u00e1tadni, mert a Profilja nem val\u00f3s, hi\u00e1nyos vagy t\u00e9ves, vagy a P\u00e1ly\u00e1zatot bek\u00fcld\u0151 J\u00e1t\u00e9kos egy\u00e9b okb\u00f3l nem felel meg a jelen J\u00e1t\u00e9kszab\u00e1lyzatban \u00edrt szem\u00e9lyi felt\u00e9teleknek.<\/p>\n<p><strong>6. Adatv\u00e9delem, vegyes rendelkez\u00e9sek<\/strong><br \/>\n6.1 A J\u00e1t\u00e9kos a P\u00e1ly\u00e1zat elk\u00fcld\u00e9s\u00e9vel kifejezetten \u00e9s \u00f6nk\u00e9ntesen hozz\u00e1j\u00e1rul ahhoz, hogy az \u00e1ltala a Profilj\u00e1n megadott szem\u00e9lyes adatokat a Szervez\u0151 \u00e9s megb\u00edzott adatfeldolgoz\u00f3ja J\u00e1t\u00e9k lebonyol\u00edt\u00e1sa c\u00e9lj\u00e1b\u00f3l felhaszn\u00e1lja \u00e9s kezelje. Az adatok kezel\u00e9s\u00e9t a Szervez\u0151, mint adatkezel\u0151, feldolgoz\u00e1s\u00e1t a Szervez\u0151 megb\u00edz\u00e1s\u00e1b\u00f3l harmadik szem\u00e9ly v\u00e9gzi.<br \/>\n6.2 A J\u00e1t\u00e9kosok P\u00e1ly\u00e1zatuk elk\u00fcld\u00e9s\u00e9vel tudom\u00e1sul veszik, \u00e9s kifejezetten hozz\u00e1j\u00e1rulnak ahhoz, hogy:<br \/>\n\u2013 nyertess\u00e9g eset\u00e9n nev\u00fcket a Szervez\u0151 minden tov\u00e1bbi felt\u00e9tel \u00e9s ellen\u00e9rt\u00e9k n\u00e9lk\u00fcl, kiz\u00e1r\u00f3lag a J\u00e1t\u00e9kkal kapcsolatosan nyilv\u00e1noss\u00e1gra hozza Facebook oldal\u00e1n;<br \/>\n6.3 A J\u00e1t\u00e9k semmilyen m\u00f3don nem szponzor\u00e1lt a Facebook \u00e1ltal, illetve semmilyen tekintetben nem kapcsol\u00f3dik a Facebook-hoz. Az adatszolg\u00e1ltat\u00e1s nem a Facebook r\u00e9sz\u00e9re, hanem a Szervez\u0151 r\u00e9sz\u00e9re t\u00f6rt\u00e9nik. A szolg\u00e1ltatott adatok kiz\u00e1r\u00f3lag a J\u00e1t\u00e9k lebonyol\u00edt\u00e1sa c\u00e9lj\u00e1b\u00f3l ker\u00fclnek felhaszn\u00e1l\u00e1sra.<\/p>\n<p><strong>7. Felel\u0151ss\u00e9g<\/strong><br \/>\nA Szervez\u0151, illetve a Lebonyol\u00edt\u00f3 kiz\u00e1rja a felel\u0151ss\u00e9g\u00e9t minden, a www.facebook.com Instagram weboldalt, illetve az azt m\u0171k\u00f6dtet\u0151 szervert \u00e9rt k\u00fcls\u0151, \u00fan. SQL t\u00e1mad\u00e1sok est\u00e9re. Teh\u00e1t amennyiben a weboldalt, illetve szervert \u00e9rt t\u00e1mad\u00e1s folyt\u00e1n a J\u00e1t\u00e9kosok t\u00e9ves rendszer\u00fczeneteket kapnak nyerem\u00e9nyeiket, nyertes\/nem nyertes st\u00e1tuszukat, stb. illet\u0151en, \u00fagy ezen esetekre a Szervez\u0151 semminem\u0171 felel\u0151ss\u00e9get nem v\u00e1llal.<br \/>\nSzervez\u0151, illetve Lebonyol\u00edt\u00f3 kiz\u00e1rja a felel\u0151ss\u00e9g\u00e9t a weboldal rajta k\u00edv\u00fcl\u00e1ll\u00f3 okokb\u00f3l t\u00f6rt\u00e9n\u0151 meghib\u00e1sod\u00e1s\u00e1\u00e9rt, amely id\u0151tartam alatt a honlap nem vagy korl\u00e1tozottan haszn\u00e1lhat\u00f3, ugyanakkor halad\u00e9ktalanul megtesz minden sz\u00fcks\u00e9ges int\u00e9zked\u00e9st annak \u00e9rdek\u00e9ben, hogy a hiba ok\u00e1t miel\u0151bb felt\u00e1rja, illetve megsz\u00fcntesse.<br \/>\nSzervez\u0151 fenntartja a jogot, hogy a J\u00e1t\u00e9kszab\u00e1lyt indokolt esetben b\u00e1rmikor megv\u00e1ltoztathassa. A jelen j\u00e1t\u00e9kszab\u00e1lyzatot \u00e9s annak esetleges m\u00f3dos\u00edt\u00e1sait k\u00f6zz\u00e9teszi a M\u00f6bius weboldal\u00e1n a nyerem\u00e9nyj\u00e1t\u00e9k neve alatt.<br \/>\nNy\u00edregyh\u00e1za Szab\u00f3-Fige T\u00edmea ev.<br \/>\nvalamint Cudy Future Kft. Szervez\u0151k<\/p>","protected":false},"excerpt":{"rendered":"<p>1.A nyerem\u00e9nyj\u00e1t\u00e9k szervez\u0151je M\u00f6bius, Szab\u00f3-Fige T\u00edmea ev. 4400 Ny\u00edregyh\u00e1za, Sz\u00e9ls\u0151bokori \u00fat 62. ad\u00f3sz\u00e1m :79429061-1-35 tov\u00e1bbiakban \u201dSzervez\u0151\u201d). Natur Cleaning \/ Cudy Future Kft.Sz\u00e9khely:4400 Ny\u00edregyh\u00e1za, K\u00e9z. u.8. Telephely: 4400 Ny\u00edregyh\u00e1za, Simai \u00fat. 40. 2. A j\u00e1t\u00e9kban t\u00f6rt\u00e9n\u0151 r\u00e9szv\u00e9tel felt\u00e9telei 2.1 A J\u00e1t\u00e9kban kiz\u00e1r\u00f3lag azon \u00e1lland\u00f3, nyilv\u00e1ntartott magyarorsz\u00e1gi lak\u00f3hellyel rendelkez\u0151, 18. \u00e9let\u00e9v\u00e9t bet\u00f6lt\u00f6tt, devizabelf\u00f6ldi, az illet\u00e9kes magyar hat\u00f3s\u00e1g [&hellip;]<\/p>\n","protected":false},"author":1,"featured_media":0,"parent":0,"menu_order":0,"comment_status":"closed","ping_status":"closed","template":"","meta":{"_acf_changed":false,"footnotes":""},"class_list":["post-1920","page","type-page","status-publish","hentry"],"acf":[],"_links":{"self":[{"href":"https:\/\/naturcleaning.hu\/en\/wp-json\/wp\/v2\/pages\/1920","targetHints":{"allow":["GET"]}}],"collection":[{"href":"https:\/\/naturcleaning.hu\/en\/wp-json\/wp\/v2\/pages"}],"about":[{"href":"https:\/\/naturcleaning.hu\/en\/wp-json\/wp\/v2\/types\/page"}],"author":[{"embeddable":true,"href":"https:\/\/naturcleaning.hu\/en\/wp-json\/wp\/v2\/users\/1"}],"replies":[{"embeddable":true,"href":"https:\/\/naturcleaning.hu\/en\/wp-json\/wp\/v2\/comments?post=1920"}],"version-history":[{"count":0,"href":"https:\/\/naturcleaning.hu\/en\/wp-json\/wp\/v2\/pages\/1920\/revisions"}],"wp:attachment":[{"href":"https:\/\/naturcleaning.hu\/en\/wp-json\/wp\/v2\/media?parent=1920"}],"curies":[{"name":"wp","href":"https:\/\/api.w.org\/{rel}","templated":true}]}}