{"id":19196,"date":"2023-08-29T13:33:42","date_gmt":"2023-08-29T13:33:42","guid":{"rendered":"https:\/\/naturcleaning.hu\/?page_id=19196"},"modified":"2023-08-29T13:33:42","modified_gmt":"2023-08-29T13:33:42","slug":"gyik","status":"publish","type":"page","link":"https:\/\/naturcleaning.hu\/en\/gyik\/","title":{"rendered":"GYIK"},"content":{"rendered":"<style>#sp-ea-19195 .spcollapsing { height: 0; overflow: hidden; transition-property: height;transition-duration: 300ms;}#sp-ea-19195.sp-easy-accordion>.sp-ea-single {margin-bottom: 10px; border: 1px solid #c7ac6a; }#sp-ea-19195.sp-easy-accordion>.sp-ea-single>.ea-header a {color: #444;}#sp-ea-19195.sp-easy-accordion>.sp-ea-single>.sp-collapse>.ea-body {background: #fff; color: #444;}#sp-ea-19195.sp-easy-accordion>.sp-ea-single {background: #c7ac6a;}#sp-ea-19195.sp-easy-accordion>.sp-ea-single>.ea-header a .ea-expand-icon { float: left; color: #444;font-size: 16px;}<\/style><div id=\"sp_easy_accordion-1693315679\"><div id=\"sp-ea-19195\" class=\"sp-ea-one sp-easy-accordion\" data-ea-active=\"ea-click\" data-ea-mode=\"vertical\" data-preloader=\"\" data-scroll-active-item=\"\" data-offset-to-scroll=\"0\"><div class=\"ea-card ea-expand sp-ea-single\"><h3 class=\"ea-header\"><a class=\"collapsed\" id=\"ea-header-191950\" role=\"button\" data-sptoggle=\"spcollapse\" data-sptarget=\"#collapse191950\" aria-controls=\"collapse191950\" href=\"#\" aria-expanded=\"true\" tabindex=\"0\"><i aria-hidden=\"true\" role=\"presentation\" class=\"ea-expand-icon eap-icon-ea-expand-minus\"><\/i> Mikor van Z\u00f6ld h\u00e9tf\u0151?<\/a><\/h3><div class=\"sp-collapse spcollapse collapsed show\" id=\"collapse191950\" data-parent=\"#sp-ea-19195\" role=\"region\" aria-labelledby=\"ea-header-191950\"> <div class=\"ea-body\"><p>Minden h\u00f3nap els\u0151 h\u00e9tf\u0151j\u00e9n Z\u00f6ld h\u00e9tf\u0151.<\/p><p>Brutto 12.000 Ft feletti v\u00e1s\u00e1rl\u00e1s eset\u00e9n a sz\u00e1ll\u00edt\u00e1si k\u00f6lts\u00e9get \u00e1tv\u00e1llaljuk.<\/p><p>A web\u00e1ruh\u00e1zunkon kereszt\u00fcl leadott rendel\u00e9sek eset\u00e9n \u00e9rv\u00e9nyes.<\/p><\/div><\/div><\/div><div class=\"ea-card sp-ea-single\"><h3 class=\"ea-header\"><a class=\"collapsed\" id=\"ea-header-191951\" role=\"button\" data-sptoggle=\"spcollapse\" data-sptarget=\"#collapse191951\" aria-controls=\"collapse191951\" href=\"#\" aria-expanded=\"false\" tabindex=\"0\"><i aria-hidden=\"true\" role=\"presentation\" class=\"ea-expand-icon eap-icon-ea-expand-plus\"><\/i> Hogyan tudom visszak\u00fcldeni a ki\u00fcr\u00fclt flakonokat?<\/a><\/h3><div class=\"sp-collapse spcollapse\" id=\"collapse191951\" data-parent=\"#sp-ea-19195\" role=\"region\" aria-labelledby=\"ea-header-191951\"> <div class=\"ea-body\"><p><span style=\"color: #050505\"><span style=\"font-family: inherit, serif\"><span style=\"font-size: medium\">-Tartsd meg a dobozt, amiben a term\u00e9keket kaptad. V\u00e1laszthatsz egy m\u00e1sik dobozt is.<\/span><\/span><\/span><\/p><p><span style=\"color: #050505\"><span style=\"font-family: inherit, serif\"><span style=\"font-size: medium\">-Gy\u0171jtsd bele a ki\u00fcr\u00fclt flakonokat; a t\u00e9rkit\u00f6lt\u0151 kartonoknak is nagyon \u00f6r\u00fcl\u00fcnk.<\/span><\/span><\/span><\/p><p><span style=\"color: #050505\"><span style=\"font-family: inherit, serif\"><span style=\"font-size: medium\">-Az \u00faj megrendel\u00e9sed lead\u00e1sa v\u00e9g\u00e9n kattints a \"Flakont szeretn\u00e9k visszak\u00fcldeni\" ikonra.<\/span><\/span><\/span><\/p><p><span style=\"color: #050505\"><span style=\"font-family: inherit, serif\"><span style=\"font-size: medium\">-V\u00e1laszd ki a flakon t\u00edpus\u00e1t \u00e9s a darabsz\u00e1mot, majd add hozz\u00e1 a megrendel\u00e9sedhez.<\/span><\/span><\/span><\/p><p><span style=\"color: #050505\"><span style=\"font-family: inherit, serif\"><span style=\"font-size: medium\">-Amikor a fut\u00e1r a csomagoddal j\u00f6n, add \u00e1t neki a visszak\u00fcldeni k\u00edv\u00e1nt flakonokat.<\/span><\/span><\/span><\/p><p><span style=\"color: #050505\"><span style=\"font-family: inherit, serif\"><span style=\"font-size: medium\">A dobozra nem kell semmit \u00edrni, a fut\u00e1r viszi a c\u00edmk\u00e9t.<\/span><\/span><\/span><\/p><p><span style=\"color: #050505\"><span style=\"font-family: inherit, serif\"><span style=\"font-size: medium\">A visszak\u00fcld\u00f6tt flakonok \u00e9rt\u00e9ke levon\u00e1sra ker\u00fcl a megrendel\u00e9sed v\u00e9g\u00f6sszeg\u00e9b\u0151l.<\/span><\/span><\/span><\/p><\/div><\/div><\/div><div class=\"ea-card sp-ea-single\"><h3 class=\"ea-header\"><a class=\"collapsed\" id=\"ea-header-191952\" role=\"button\" data-sptoggle=\"spcollapse\" data-sptarget=\"#collapse191952\" aria-controls=\"collapse191952\" href=\"#\" aria-expanded=\"false\" tabindex=\"0\"><i aria-hidden=\"true\" role=\"presentation\" class=\"ea-expand-icon eap-icon-ea-expand-plus\"><\/i> Mi a k\u00fcl\u00f6nbs\u00e9g a hypoallerg\u00e9n \u00e9s az allerg\u00e9nmentes term\u00e9k k\u00f6z\u00f6tt?<\/a><\/h3><div class=\"sp-collapse spcollapse\" id=\"collapse191952\" data-parent=\"#sp-ea-19195\" role=\"region\" aria-labelledby=\"ea-header-191952\"> <div class=\"ea-body\"><p><span style=\"color: #050505\"><span style=\"font-family: inherit, serif\"><span style=\"font-size: medium\">A hipoallerg\u00e9n term\u00e9kek fejleszt\u00e9s\u00e9n\u00e9l olyan \u00f6sszetev\u0151k k\u00f6z\u00fcl v\u00e1lasztunk, amelyek legkev\u00e9sb\u00e9 v\u00e1lthatnak ki allergi\u00e1s reakci\u00f3kat.<\/span><\/span><\/span><\/p><p>Az allerg\u00e9nmentes term\u00e9kek nem tartalmaznak allergiz\u00e1l\u00f3 alapanyagokat.<\/p><p>Egy\u00e9ni \u00e9rz\u00e9kenys\u00e9g b\u00e1rmilyen term\u00e9kn\u00e9l el\u0151fordulhat.<\/p><\/div><\/div><\/div><div class=\"ea-card sp-ea-single\"><h3 class=\"ea-header\"><a class=\"collapsed\" id=\"ea-header-191953\" role=\"button\" data-sptoggle=\"spcollapse\" data-sptarget=\"#collapse191953\" aria-controls=\"collapse191953\" href=\"#\" aria-expanded=\"false\" tabindex=\"0\"><i aria-hidden=\"true\" role=\"presentation\" class=\"ea-expand-icon eap-icon-ea-expand-plus\"><\/i> Mi a teend\u0151 s\u00e9r\u00fclt csomag eset\u00e9n?<\/a><\/h3><div class=\"sp-collapse spcollapse\" id=\"collapse191953\" data-parent=\"#sp-ea-19195\" role=\"region\" aria-labelledby=\"ea-header-191953\"> <div class=\"ea-body\"><p>A megrendelt term\u00e9keket igyeksz\u00fcnk gondosan becsomagolni. A kartondobozt teljesen kit\u00f6ltj\u00fck t\u00e9rkit\u00f6lt\u0151 anyaggal.<\/p><p>Ha a csomag m\u00e9gis s\u00e9r\u00fclten \u00e9rkezik, a csomag k\u00fclsej\u00e9n \u00e9szlelt s\u00e9r\u00fcl\u00e9s, \u00e1t\u00e1z\u00e1s miatt bels\u0151 s\u00e9r\u00fcl\u00e9sre lehet k\u00f6vetkeztetni, jelezd az \u00dcgyf\u00e9lszolg\u00e1latunkn\u00e1l az <span style=\"color: #0563c1\"><u><a href=\"mailto:info@naturcleaning.hu\">info@naturcleaning.hu<\/a><\/u><\/span> e-mail c\u00edmen. A fut\u00e1rnak Jegyz\u0151k\u00f6nyvet kell felvennie a s\u00e9r\u00fcl\u00e9sr\u0151l. A csomagot k\u00e9rlek, ne vedd \u00e1t, hanem ir\u00e1ny\u00edtsd vissza hozz\u00e1nk. Rendel\u00e9st ebben az esetben r\u00f6vid id\u0151n bel\u00fcl \u00fajb\u00f3l sz\u00e1ll\u00edtjuk.<\/p><p>Amennyiben a dobozon nem \u00e9szlelhet\u0151 s\u00e9r\u00fcl\u00e9s, azonban t\u00f6r\u00f6tt, s\u00e9r\u00fclt a term\u00e9k k\u00e9rlek, k\u00fcldj e-mailt a k\u00f6vetkez\u0151 e-mail c\u00edmre: info@naturcleaning.hu. Ha van lehet\u0151s\u00e9ged csatolj egy fot\u00f3t is.<\/p><\/div><\/div><\/div><div class=\"ea-card sp-ea-single\"><h3 class=\"ea-header\"><a class=\"collapsed\" id=\"ea-header-191954\" role=\"button\" data-sptoggle=\"spcollapse\" data-sptarget=\"#collapse191954\" aria-controls=\"collapse191954\" href=\"#\" aria-expanded=\"false\" tabindex=\"0\"><i aria-hidden=\"true\" role=\"presentation\" class=\"ea-expand-icon eap-icon-ea-expand-plus\"><\/i> Hogyan t\u00f6r\u00f6lhetem a megrendel\u00e9semet?<\/a><\/h3><div class=\"sp-collapse spcollapse\" id=\"collapse191954\" data-parent=\"#sp-ea-19195\" role=\"region\" aria-labelledby=\"ea-header-191954\"> <div class=\"ea-body\"><p>Megrendel\u00e9st csak az \u00fcgyf\u00e9lszolg\u00e1lati munkat\u00e1rsaink tudnak t\u00f6r\u00f6lni. Amennyiben t\u00f6r\u00f6lni szeretn\u00e9d a megrendel\u00e9sedet, k\u00e9rj\u00fck vedd fel a kapcsolatot \u00fcgyf\u00e9lszolg\u00e1latunkkal.<\/p><p><span style=\"color: #0563c1\"><u><a href=\"mailto:info@naturcleaning.hu\">info@naturcleaning.hu<\/a><\/u><\/span><\/p><p>06 42 512 788 (8:30-12:30)<\/p><p>06 70 678 94 05 (8:30-15:30)<\/p><\/div><\/div><\/div><div class=\"ea-card sp-ea-single\"><h3 class=\"ea-header\"><a class=\"collapsed\" id=\"ea-header-191955\" role=\"button\" data-sptoggle=\"spcollapse\" data-sptarget=\"#collapse191955\" aria-controls=\"collapse191955\" href=\"#\" aria-expanded=\"false\" tabindex=\"0\"><i aria-hidden=\"true\" role=\"presentation\" class=\"ea-expand-icon eap-icon-ea-expand-plus\"><\/i> K\u00fclf\u00f6ldre is rendelhetek?<\/a><\/h3><div class=\"sp-collapse spcollapse\" id=\"collapse191955\" data-parent=\"#sp-ea-19195\" role=\"region\" aria-labelledby=\"ea-header-191955\"> <div class=\"ea-body\"><p>Magyarorsz\u00e1gon k\u00edv\u00fcl is h\u00e1zhoz vissz\u00fck kedvenc Naturcleaning term\u00e9keidet.<\/p><p>A sz\u00e1ll\u00edt\u00e1si d\u00edjakat itt tal\u00e1lod: <span style=\"color: #0563c1\"><u><a href=\"https:\/\/naturcleaning.hu\/en\/szallitasi-dijak\/\">https:\/\/naturcleaning.hu\/szallitasi-dijak\/<\/a><\/u><\/span><\/p><\/div><\/div><\/div><div class=\"ea-card sp-ea-single\"><h3 class=\"ea-header\"><a class=\"collapsed\" id=\"ea-header-191956\" role=\"button\" data-sptoggle=\"spcollapse\" data-sptarget=\"#collapse191956\" aria-controls=\"collapse191956\" href=\"#\" aria-expanded=\"false\" tabindex=\"0\"><i aria-hidden=\"true\" role=\"presentation\" class=\"ea-expand-icon eap-icon-ea-expand-plus\"><\/i> K\u00e9rd\u00e9sem van a term\u00e9kkel kapcsolatban. Kit\u0151l \u00e9rdekl\u0151dhetek?<\/a><\/h3><div class=\"sp-collapse spcollapse\" id=\"collapse191956\" data-parent=\"#sp-ea-19195\" role=\"region\" aria-labelledby=\"ea-header-191956\"> <div class=\"ea-body\"><p>E-mailben az <span style=\"color: #0563c1\"><u><a href=\"mailto:info@naturcleaning.hu\">info@naturcleaning.hu<\/a><\/u><\/span> c\u00edmre v\u00e1rjuk term\u00e9keinkkel kapcsolatos k\u00e9rd\u00e9seidet vagy social (Facebook, Instagram) fel\u00fcleteinken priv\u00e1t \u00fczenetben.<\/p><\/div><\/div><\/div><\/div><\/div>","protected":false},"excerpt":{"rendered":"","protected":false},"author":1,"featured_media":0,"parent":0,"menu_order":0,"comment_status":"closed","ping_status":"closed","template":"","meta":{"_acf_changed":false,"footnotes":""},"class_list":["post-19196","page","type-page","status-publish","hentry"],"acf":[],"_links":{"self":[{"href":"https:\/\/naturcleaning.hu\/en\/wp-json\/wp\/v2\/pages\/19196","targetHints":{"allow":["GET"]}}],"collection":[{"href":"https:\/\/naturcleaning.hu\/en\/wp-json\/wp\/v2\/pages"}],"about":[{"href":"https:\/\/naturcleaning.hu\/en\/wp-json\/wp\/v2\/types\/page"}],"author":[{"embeddable":true,"href":"https:\/\/naturcleaning.hu\/en\/wp-json\/wp\/v2\/users\/1"}],"replies":[{"embeddable":true,"href":"https:\/\/naturcleaning.hu\/en\/wp-json\/wp\/v2\/comments?post=19196"}],"version-history":[{"count":0,"href":"https:\/\/naturcleaning.hu\/en\/wp-json\/wp\/v2\/pages\/19196\/revisions"}],"wp:attachment":[{"href":"https:\/\/naturcleaning.hu\/en\/wp-json\/wp\/v2\/media?parent=19196"}],"curies":[{"name":"wp","href":"https:\/\/api.w.org\/{rel}","templated":true}]}}